{"id":2145,"date":"2022-02-22T09:50:54","date_gmt":"2022-02-22T08:50:54","guid":{"rendered":"https:\/\/cfsbalaguer.com\/?page_id=2145"},"modified":"2023-11-23T17:37:42","modified_gmt":"2023-11-23T16:37:42","slug":"mes-informacio-campus-estiu","status":"publish","type":"page","link":"https:\/\/cfsbalaguer.com\/index.php\/mes-informacio-campus-estiu\/","title":{"rendered":"M\u00c9S INFORMACI\u00d3 CAMPUS ESTIU"},"content":{"rendered":"<h3>L&#8217;\u00faltima setmana de juny i\u00a0<span class=\"hiddenGrammarError\">1\u00aa<\/span>\u00a0de juliol, el Club organitza Campus de tecnificaci\u00f3 de futbol sala, el qual est\u00e0 obert a tots aquells nens d&#8217;entre 6 i 16 anys que vulguin gaudir del futbol sala.<\/h3>\n<h3>Treballem tant amb jugadors que\u00a0<span class=\"hiddenGrammarError\">s&#8217;<\/span>inici\u00efn\u00a0al nostre esport com aquells que vulguin seguir amb el seu aprenentatge durant\u00a0aquest\u00a0per\u00edode.<\/h3>\n<h3>Les instal\u00b7lacions utilitzades per al Campus\u00a0s\u00f3n el Pavell\u00f3 d&#8217;<span class=\"hiddenSpellError\">Inpacsa<\/span>\u00a0i espais esportius de l&#8217;Escola Vedruna Balaguer, aix\u00ed com la piscina municipal del Carrer Urgell de Balaguer.<\/h3>\n<h3>El programari diari del Campus es divideix en una 1a part centrada espec\u00edficament en futbol sala, amb diferents exercicis\u00a0t\u00e8cnic-t\u00e0ctics, i una\u00a0<span class=\"hiddenGrammarError\">2\u00aa<\/span>\u00a0part en la piscina municipal merament l\u00fadica i de refrescament.<\/h3>\n<p><img decoding=\"async\" class=\"alignnone wp-image-2467 size-full\" src=\"https:\/\/cfsbalaguer.com\/wp-content\/uploads\/2023\/11\/WhatsApp-Image-2023-11-20-at-23.20.03.jpeg\" alt=\"\" width=\"1600\" height=\"1200\" srcset=\"https:\/\/cfsbalaguer.com\/wp-content\/uploads\/2023\/11\/WhatsApp-Image-2023-11-20-at-23.20.03-200x150.jpeg 200w, https:\/\/cfsbalaguer.com\/wp-content\/uploads\/2023\/11\/WhatsApp-Image-2023-11-20-at-23.20.03-300x225.jpeg 300w, https:\/\/cfsbalaguer.com\/wp-content\/uploads\/2023\/11\/WhatsApp-Image-2023-11-20-at-23.20.03-400x300.jpeg 400w, https:\/\/cfsbalaguer.com\/wp-content\/uploads\/2023\/11\/WhatsApp-Image-2023-11-20-at-23.20.03-600x450.jpeg 600w, https:\/\/cfsbalaguer.com\/wp-content\/uploads\/2023\/11\/WhatsApp-Image-2023-11-20-at-23.20.03-768x576.jpeg 768w, https:\/\/cfsbalaguer.com\/wp-content\/uploads\/2023\/11\/WhatsApp-Image-2023-11-20-at-23.20.03-800x600.jpeg 800w, https:\/\/cfsbalaguer.com\/wp-content\/uploads\/2023\/11\/WhatsApp-Image-2023-11-20-at-23.20.03-1024x768.jpeg 1024w, https:\/\/cfsbalaguer.com\/wp-content\/uploads\/2023\/11\/WhatsApp-Image-2023-11-20-at-23.20.03-1200x900.jpeg 1200w, https:\/\/cfsbalaguer.com\/wp-content\/uploads\/2023\/11\/WhatsApp-Image-2023-11-20-at-23.20.03-1536x1152.jpeg 1536w, https:\/\/cfsbalaguer.com\/wp-content\/uploads\/2023\/11\/WhatsApp-Image-2023-11-20-at-23.20.03.jpeg 1600w\" sizes=\"(max-width: 1600px) 100vw, 1600px\" \/><\/p>\n","protected":false},"excerpt":{"rendered":"<p>L&#8217;\u00faltima setmana de juny i\u00a01\u00aa\u00a0de juliol, el Club organitza Campus de tecnificaci\u00f3 de futbol sala, el qual est\u00e0 obert a tots aquells nens d&#8217;entre 6 i 16 anys que vulguin gaudir del futbol sala. Treballem tant amb jugadors que\u00a0s&#8217;inici\u00efn\u00a0al nostre esport com aquells que vulguin seguir amb el seu aprenentatge durant\u00a0aquest\u00a0per\u00edode. Les instal\u00b7lacions utilitzades per [&hellip;]<\/p>\n","protected":false},"author":1,"featured_media":0,"parent":0,"menu_order":0,"comment_status":"closed","ping_status":"closed","template":"","meta":{"footnotes":""},"class_list":["post-2145","page","type-page","status-publish","hentry"],"_links":{"self":[{"href":"https:\/\/cfsbalaguer.com\/index.php\/wp-json\/wp\/v2\/pages\/2145","targetHints":{"allow":["GET"]}}],"collection":[{"href":"https:\/\/cfsbalaguer.com\/index.php\/wp-json\/wp\/v2\/pages"}],"about":[{"href":"https:\/\/cfsbalaguer.com\/index.php\/wp-json\/wp\/v2\/types\/page"}],"author":[{"embeddable":true,"href":"https:\/\/cfsbalaguer.com\/index.php\/wp-json\/wp\/v2\/users\/1"}],"replies":[{"embeddable":true,"href":"https:\/\/cfsbalaguer.com\/index.php\/wp-json\/wp\/v2\/comments?post=2145"}],"version-history":[{"count":7,"href":"https:\/\/cfsbalaguer.com\/index.php\/wp-json\/wp\/v2\/pages\/2145\/revisions"}],"predecessor-version":[{"id":2470,"href":"https:\/\/cfsbalaguer.com\/index.php\/wp-json\/wp\/v2\/pages\/2145\/revisions\/2470"}],"wp:attachment":[{"href":"https:\/\/cfsbalaguer.com\/index.php\/wp-json\/wp\/v2\/media?parent=2145"}],"curies":[{"name":"wp","href":"https:\/\/api.w.org\/{rel}","templated":true}]}}