{"id":1637,"date":"2020-06-25T14:44:08","date_gmt":"2020-06-25T14:44:08","guid":{"rendered":"https:\/\/cfsbalaguer.com\/?page_id=1637"},"modified":"2020-06-26T08:52:47","modified_gmt":"2020-06-26T08:52:47","slug":"que-faig-si-em-lesiono","status":"publish","type":"page","link":"https:\/\/cfsbalaguer.com\/index.php\/que-faig-si-em-lesiono\/","title":{"rendered":"QU\u00c8 FAIG SI EM LESIONO?"},"content":{"rendered":"<p><div class=\"fusion-fullwidth fullwidth-box fusion-builder-row-1 nonhundred-percent-fullwidth non-hundred-percent-height-scrolling\" style=\"background-color: rgba(255,255,255,0);background-position: center center;background-repeat: no-repeat;padding-top:0px;padding-right:0px;padding-bottom:0px;padding-left:0px;margin-bottom: 0px;margin-top: 0px;border-width: 0px 0px 0px 0px;border-color:#eae9e9;border-style:solid;\" ><div class=\"fusion-builder-row fusion-row\"><div class=\"fusion-layout-column fusion_builder_column fusion-builder-column-0 fusion_builder_column_1_1 1_1 fusion-one-full fusion-column-first fusion-column-last\" style=\"margin-top:0px;margin-bottom:20px;\"><div class=\"fusion-column-wrapper fusion-flex-column-wrapper-legacy\" style=\"background-position:left top;background-repeat:no-repeat;-webkit-background-size:cover;-moz-background-size:cover;-o-background-size:cover;background-size:cover;padding: 0px 0px 0px 0px;\"><div class=\"fusion-text fusion-text-1\"><h2 class=\"col-md-12 p-0 pt-10\" style=\"text-align: center;\"><img decoding=\"async\" class=\"alignnone wp-image-1127\" src=\"https:\/\/cfsbalaguer.com\/wp-content\/uploads\/2020\/05\/003-medico.png\" alt=\"\" width=\"80\" height=\"80\" srcset=\"https:\/\/cfsbalaguer.com\/wp-content\/uploads\/2020\/05\/003-medico-66x66.png 66w, https:\/\/cfsbalaguer.com\/wp-content\/uploads\/2020\/05\/003-medico.png 128w\" sizes=\"(max-width: 80px) 100vw, 80px\" \/><\/h2>\n<\/div><div class=\"fusion-sep-clear\"><\/div><div class=\"fusion-separator\" style=\"margin-left: auto;margin-right: auto;margin-bottom:20px;width:100%;max-width:70%;\"><div class=\"fusion-separator-border sep-single sep-solid\" style=\"border-color:#cc0001;border-top-width:1px;\"><\/div><\/div><div class=\"fusion-sep-clear\"><\/div><div class=\"fusion-text fusion-text-2\"><h2 style=\"text-align: center;\"><span style=\"color: #000000;\"> <span class=\"fontstyle0\">QU\u00c8 FAIG SI EM LESIONO?<br \/>\n<\/span><br \/>\n<\/span><\/h2>\n<div id=\"gtx-trans\" style=\"position: absolute; left: 932px; top: 64.4375px;\">\n<div class=\"gtx-trans-icon\"><\/div>\n<\/div>\n<\/div><div class=\"fusion-clearfix\"><\/div><\/div><\/div><\/div><\/div><div class=\"fusion-fullwidth fullwidth-box fusion-builder-row-2 nonhundred-percent-fullwidth non-hundred-percent-height-scrolling\" style=\"background-color: rgba(255,255,255,0);background-position: center center;background-repeat: no-repeat;padding-top:0px;padding-right:0px;padding-bottom:0px;padding-left:0px;margin-bottom: 0px;margin-top: 0px;border-width: 0px 0px 0px 0px;border-color:#eae9e9;border-style:solid;\" ><div class=\"fusion-builder-row fusion-row\"><div class=\"fusion-layout-column fusion_builder_column fusion-builder-column-1 fusion_builder_column_1_2 1_2 fusion-one-half fusion-column-first\" style=\"width:50%;width:calc(50% - ( ( 4% ) * 0.5 ) );margin-right: 4%;margin-top:0px;margin-bottom:20px;\"><div class=\"fusion-column-wrapper fusion-flex-column-wrapper-legacy\" style=\"background-position:left top;background-repeat:no-repeat;-webkit-background-size:cover;-moz-background-size:cover;-o-background-size:cover;background-size:cover;padding: 0px 0px 0px 0px;\"><div class=\"fusion-sep-clear\"><\/div><div class=\"fusion-separator fusion-full-width-sep\" style=\"margin-left: auto;margin-right: auto;margin-top:80PX;width:100%;\"><\/div><div class=\"fusion-sep-clear\"><\/div><div class=\"imageframe-align-center\"><span class=\" fusion-imageframe imageframe-none imageframe-1 hover-type-none fusion-animated\" data-animationType=\"fadeInLeft\" data-animationDuration=\"0.4\" data-animationOffset=\"top-into-view\"><a class=\"fusion-no-lightbox\" href=\"https:\/\/www.mcf.cat\/\" target=\"_self\" aria-label=\"Logo_MCF_Nuevo_transparente_2\"><img decoding=\"async\" width=\"300\" height=\"117\" src=\"https:\/\/cfsbalaguer.com\/wp-content\/uploads\/2020\/06\/Logo_MCF_Nuevo_transparente_2-300x117.png\" class=\"img-responsive wp-image-1644\" srcset=\"https:\/\/cfsbalaguer.com\/wp-content\/uploads\/2020\/06\/Logo_MCF_Nuevo_transparente_2-200x78.png 200w, https:\/\/cfsbalaguer.com\/wp-content\/uploads\/2020\/06\/Logo_MCF_Nuevo_transparente_2-400x156.png 400w, https:\/\/cfsbalaguer.com\/wp-content\/uploads\/2020\/06\/Logo_MCF_Nuevo_transparente_2-600x233.png 600w, https:\/\/cfsbalaguer.com\/wp-content\/uploads\/2020\/06\/Logo_MCF_Nuevo_transparente_2.png 630w\" sizes=\"(max-width: 850px) 100vw, 600px\" \/><\/a><\/span><\/div><div class=\"fusion-clearfix\"><\/div><\/div><\/div><div class=\"fusion-layout-column fusion_builder_column fusion-builder-column-2 fusion_builder_column_1_2 1_2 fusion-one-half fusion-column-last\" style=\"width:50%;width:calc(50% - ( ( 4% ) * 0.5 ) );margin-top:0px;margin-bottom:20px;\"><div class=\"fusion-column-wrapper fusion-flex-column-wrapper-legacy\" style=\"background-position:left top;background-repeat:no-repeat;-webkit-background-size:cover;-moz-background-size:cover;-o-background-size:cover;background-size:cover;padding: 0px 0px 0px 0px;\"><div class=\"fusion-text fusion-text-3\"><h3><span class=\"fontstyle0\" style=\"color: #cc0001;\">PROTOCOL DE LESIONS<\/span><\/h3>\n<p><span class=\"fontstyle0\">L\u2019asseguran\u00e7a m\u00e8dica obligat\u00f2ria que la Mutualitat Catalana de Futbolistes ofereix als seus afiliats garanteix la m\u00e0xima cobertura per al tractament i recuperaci\u00f3 de qualsevol lesi\u00f3 produ\u00efda practicant futbol o futbol sala amb el seu club, tant si aquesta succeeix a Catalunya com fora d\u2019ella.<\/span><\/p>\n<p><span class=\"fontstyle0\">Al web de la Mutualitat (<\/span><a href=\"https:\/\/www.mcf.cat\/\"><span class=\"fontstyle2\">www.mcf.cat<\/span><\/a><span class=\"fontstyle0\">) i a la del Portal del Federat (<a href=\"https:\/\/futbol.cat\/fnfg\/\">Web\/APP, secci\u00f3 Mutualitat<\/a>) hi ha el llistat dels centres m\u00e8dics concertats i els centres on realitzar la revisi\u00f3 m\u00e8dica obligat\u00f2ria.<\/span><\/p>\n<\/div><div class=\"fusion-clearfix\"><\/div><\/div><\/div><\/div><\/div><div class=\"fusion-fullwidth fullwidth-box fusion-builder-row-3 nonhundred-percent-fullwidth non-hundred-percent-height-scrolling\" style=\"background-color: #ffffff;background-position: center center;background-repeat: no-repeat;padding-top:20px;padding-right:0px;padding-bottom:-40px;padding-left:0px;margin-bottom: 0px;margin-top: 0px;border-width: 0px 0px 0px 0px;border-color:#eae9e9;border-style:solid;\" ><div class=\"fusion-builder-row fusion-row\"><div class=\"fusion-layout-column fusion_builder_column fusion-builder-column-3 fusion_builder_column_1_1 1_1 fusion-one-full fusion-column-first fusion-column-last\" style=\"margin-top:0px;margin-bottom:20px;\"><div class=\"fusion-column-wrapper fusion-flex-column-wrapper-legacy\" style=\"background-position:left top;background-repeat:no-repeat;-webkit-background-size:cover;-moz-background-size:cover;-o-background-size:cover;background-size:cover;padding: 0px 0px 0px 0px;\"><div class=\"fusion-text fusion-text-4\"><h3 style=\"text-align: center;\"><span class=\"fontstyle0\" style=\"color: #cc0001;\"> QU\u00c8 FER EN CAS DE LESI\u00d3 O ACCIDENT <\/span><\/h3>\n<p><span class=\"fontstyle0\">En cas de patir una lesi\u00f3 o accident durant la seva pr\u00e0ctica federativa, ja sigui entrenant o competint amb el club, i el jugador\/a necessiti que el visiti un metge, ens far\u00e0 falta:<\/span><\/p>\n<\/div><div class=\"fusion-clearfix\"><\/div><\/div><\/div><div class=\"fusion-layout-column fusion_builder_column fusion-builder-column-4 fusion_builder_column_1_1 1_1 fusion-one-full fusion-column-first fusion-column-last\" style=\"margin-top:0px;margin-bottom:20px;\"><div class=\"fusion-column-wrapper fusion-flex-column-wrapper-legacy\" style=\"background-position:left top;background-repeat:no-repeat;-webkit-background-size:cover;-moz-background-size:cover;-o-background-size:cover;background-size:cover;padding: 0px 0px 0px 0px;\"><div class=\"fusion-content-boxes content-boxes columns row fusion-columns-3 fusion-columns-total-3 fusion-content-boxes-1 content-boxes-icon-on-top content-left\" data-animationOffset=\"top-into-view\" style=\"margin-top:0px;margin-bottom:60px;\"><style type=\"text\/css\">.fusion-content-boxes-1 .heading .content-box-heading {color:#3b4251;}\n\t\t\t\t\t.fusion-content-boxes-1 .fusion-content-box-hover .link-area-link-icon-hover .heading .content-box-heading,\n\t\t\t\t\t.fusion-content-boxes-1 .fusion-content-box-hover .link-area-link-icon-hover .heading .heading-link .content-box-heading,\n\t\t\t\t\t.fusion-content-boxes-1 .fusion-content-box-hover .link-area-box-hover .heading .content-box-heading,\n\t\t\t\t\t.fusion-content-boxes-1 .fusion-content-box-hover .link-area-box-hover .heading .heading-link .content-box-heading,\n\t\t\t\t\t.fusion-content-boxes-1 .fusion-content-box-hover .link-area-link-icon-hover.link-area-box .fusion-read-more,\n\t\t\t\t\t.fusion-content-boxes-1 .fusion-content-box-hover .link-area-link-icon-hover.link-area-box .fusion-read-more::after,\n\t\t\t\t\t.fusion-content-boxes-1 .fusion-content-box-hover .link-area-link-icon-hover.link-area-box .fusion-read-more::before,\n\t\t\t\t\t.fusion-content-boxes-1 .fusion-content-box-hover .fusion-read-more:hover:after,\n\t\t\t\t\t.fusion-content-boxes-1 .fusion-content-box-hover .fusion-read-more:hover:before,\n\t\t\t\t\t.fusion-content-boxes-1 .fusion-content-box-hover .fusion-read-more:hover,\n\t\t\t\t\t.fusion-content-boxes-1 .fusion-content-box-hover .link-area-box-hover.link-area-box .fusion-read-more,\n\t\t\t\t\t.fusion-content-boxes-1 .fusion-content-box-hover .link-area-box-hover.link-area-box .fusion-read-more::after,\n\t\t\t\t\t.fusion-content-boxes-1 .fusion-content-box-hover .link-area-box-hover.link-area-box .fusion-read-more::before,\n\t\t\t\t\t.fusion-content-boxes-1 .fusion-content-box-hover .link-area-link-icon-hover .icon .circle-no,\n\t\t\t\t\t.fusion-content-boxes-1 .heading .heading-link:hover .content-box-heading {\n\t\t\t\t\t\tcolor: #cc0001;\n\t\t\t\t\t}\n\t\t\t\t\t.fusion-content-boxes-1 .fusion-content-box-hover .link-area-box-hover .icon .circle-no {\n\t\t\t\t\t\tcolor: #cc0001 !important;\n\t\t\t\t\t}.fusion-content-boxes-1 .fusion-content-box-hover .link-area-box.link-area-box-hover .fusion-content-box-button {background: #cc3f3f;color: #ffffff;}.fusion-content-boxes-1 .fusion-content-box-hover .link-area-box.link-area-box-hover .fusion-content-box-button .fusion-button-text {color: #ffffff;}\n\t\t\t\t\t.fusion-content-boxes-1 .fusion-content-box-hover .link-area-link-icon-hover .heading .icon > span {\n\t\t\t\t\t\tbackground-color: transparent !important;\n\t\t\t\t\t}\n\t\t\t\t\t.fusion-content-boxes-1 .fusion-content-box-hover .link-area-box-hover .heading .icon > span {\n\t\t\t\t\t\tborder-color: #cc0001 !important;\n\t\t\t\t\t}<\/style><div class=\"fusion-column content-box-column content-box-column content-box-column-1 col-lg-4 col-md-4 col-sm-4 fusion-content-box-hover content-box-column-first-in-row\"><div class=\"col content-box-wrapper content-wrapper link-area-box icon-hover-animation-slide\" style=\"background-color:rgba(255,255,255,0);\" data-animationOffset=\"top-into-view\"><div class=\"heading heading-with-icon icon-left\"><div class=\"icon\"><i style=\"background-color:transparent;border-color:transparent;height:auto;width: 45px;line-height:normal;color:#cc0001;font-size:45px;\" aria-hidden=\"true\" class=\"fontawesome-icon fa-file-signature fas circle-no\"><\/i><\/div><h2 class=\"content-box-heading\" style=\"font-size:18px;line-height:23px;\">Declaraci\u00f3 d\u2019accident<\/h2><\/div><div class=\"fusion-clearfix\"><\/div><div class=\"content-container\" style=\"color:#747474;\">\n<p><span class=\"fontstyle0\">Demanar a l\u2019entrenador o coordinadors que<br \/>\nli signin degudament la <\/span><span class=\"fontstyle2\">declaraci\u00f3 d\u2019accident<\/span><span class=\"fontstyle0\">.<\/span><\/p>\n<\/div><\/div><\/div><div class=\"fusion-column content-box-column content-box-column content-box-column-2 col-lg-4 col-md-4 col-sm-4 fusion-content-box-hover \"><div class=\"col content-box-wrapper content-wrapper link-area-box icon-hover-animation-slide\" style=\"background-color:rgba(255,255,255,0);\" data-animationOffset=\"top-into-view\"><div class=\"heading heading-with-icon icon-left\"><div class=\"icon\"><i style=\"background-color:transparent;border-color:transparent;height:auto;width: 45px;line-height:normal;color:#cc0001;font-size:45px;\" aria-hidden=\"true\" class=\"fontawesome-icon fa-address-card fas circle-no\"><\/i><\/div><h2 class=\"content-box-heading\" style=\"font-size:18px;line-height:23px;\">Llic\u00e8ncia federativa<\/h2><\/div><div class=\"fusion-clearfix\"><\/div><div class=\"content-container\" style=\"color:#747474;\">\n<p><span class=\"fontstyle0\">Demanar la <\/span><span class=\"fontstyle2\">llic\u00e8ncia federativa<br \/>\n<\/span><span class=\"fontstyle0\">per si ens la sol\u00b7liciten.<\/span><\/p>\n<\/div><\/div><\/div><div class=\"fusion-column content-box-column content-box-column content-box-column-3 col-lg-4 col-md-4 col-sm-4 fusion-content-box-hover content-box-column-last content-box-column-last-in-row\"><div class=\"col content-box-wrapper content-wrapper link-area-box icon-hover-animation-slide\" style=\"background-color:rgba(255,255,255,0);\" data-animationOffset=\"top-into-view\"><div class=\"heading heading-with-icon icon-left\"><div class=\"icon\"><i style=\"background-color:transparent;border-color:transparent;height:auto;width: 45px;line-height:normal;color:#cc0001;font-size:45px;\" aria-hidden=\"true\" class=\"fontawesome-icon fa-clinic-medical fas circle-no\"><\/i><\/div><h2 class=\"content-box-heading\" style=\"font-size:18px;line-height:23px;\">El centres m\u00e8dics <\/h2><\/div><div class=\"fusion-clearfix\"><\/div><div class=\"content-container\" style=\"color:#747474;\">\n<p><span class=\"fontstyle0\">Acudir al centre de<br \/>\nrefer\u00e8ncia m\u00e9s proper.<\/span><\/p>\n<\/div><\/div><\/div><style type=\"text\/css\">\n\t\t\t\t\t\t.fusion-content-boxes-1 .fusion-content-box-hover .heading-link:hover .icon i.circle-yes,\n\t\t\t\t\t\t.fusion-content-boxes-1 .fusion-content-box-hover .link-area-box:hover .heading-link .icon i.circle-yes,\n\t\t\t\t\t\t.fusion-content-boxes-1 .fusion-content-box-hover .link-area-link-icon-hover .heading .icon i.circle-yes,\n\t\t\t\t\t\t.fusion-content-boxes-1 .fusion-content-box-hover .link-area-box-hover .heading .icon i.circle-yes {\n\t\t\t\t\t\t\tbackground-color: transparent !important;\n\t\t\t\t\t\t\tborder-color: #cc0001 !important;\n\t\t\t\t\t\t}<\/style><div class=\"fusion-clearfix\"><\/div><\/div><div class=\"fusion-clearfix\"><\/div><\/div><\/div><\/div><\/div><div class=\"fusion-fullwidth fullwidth-box fusion-builder-row-4 nonhundred-percent-fullwidth non-hundred-percent-height-scrolling\" style=\"background-color: rgba(255,255,255,0);background-position: center center;background-repeat: no-repeat;padding-top:0px;padding-right:0px;padding-bottom:0px;padding-left:0px;margin-bottom: 0px;margin-top: 0px;border-width: 0px 0px 0px 0px;border-color:#eae9e9;border-style:solid;\" ><div class=\"fusion-builder-row fusion-row\"><div class=\"fusion-layout-column fusion_builder_column fusion-builder-column-5 fusion_builder_column_1_1 1_1 fusion-one-full fusion-column-first fusion-column-last\" style=\"margin-top:0px;margin-bottom:20px;\"><div class=\"fusion-column-wrapper fusion-flex-column-wrapper-legacy\" style=\"background-position:left top;background-repeat:no-repeat;-webkit-background-size:cover;-moz-background-size:cover;-o-background-size:cover;background-size:cover;padding: 0px 0px 0px 0px;\"><div class=\"fusion-text fusion-text-5\"><h3 style=\"text-align: center;\"><span class=\"fontstyle0\"><span style=\"color: #cc0001;\">El centres m\u00e8dics de refer\u00e8ncia a la prov\u00edncia de Lleida s\u00f3n els seg\u00fcents:<\/span><br \/>\n<\/span><\/h3>\n<\/div>\n<div class=\"table-1\">\n<table width=\"100%\">\n<tbody>\n<tr>\n<td align=\"left\"><strong>Cl\u00ednica Perpetuo Socorro<\/strong><\/td>\n<td align=\"left\"><span class=\"fontstyle0\">Bisbe Messeguer, 3, 25003<\/span><\/td>\n<td align=\"left\"><span class=\"fontstyle0\" style=\"color: #cc0001;\">973266100<\/span><\/td>\n<td align=\"left\"><span class=\"fontstyle0\">Lleida<\/span><\/td>\n<\/tr>\n<tr>\n<td align=\"left\"><strong>H.Montserrat (Urg\u00e8ncies)<\/strong><\/td>\n<td align=\"left\"><span class=\"fontstyle0\">Bisbe Torres, 13, 25002<\/span><\/td>\n<td align=\"left\"><span class=\"fontstyle0\" style=\"color: #cc0001;\">973266300<\/span><\/td>\n<td align=\"left\"><span class=\"fontstyle0\">Lleida<\/span><\/td>\n<\/tr>\n<tr>\n<td align=\"left\"><strong><span class=\"fontstyle0\">Esportech Medicina de l&#8217;Esport<\/span><\/strong><\/td>\n<td align=\"left\"><span class=\"fontstyle0\">Avinguda Prat de la Riba 77, 25004<\/span><\/td>\n<td align=\"left\"><span class=\"fontstyle0\" style=\"color: #cc0001;\">973220303<\/span><\/td>\n<td align=\"left\"><span class=\"fontstyle0\">Lleida<\/span><\/td>\n<\/tr>\n<tr>\n<td align=\"left\"><strong><span class=\"fontstyle0\">Centre M\u00e8dic Agramunt<\/span><\/strong><\/td>\n<td align=\"left\"><span class=\"fontstyle0\">Angel Guimer\u00e0, 3, 25310<\/span><\/td>\n<td align=\"left\"><span class=\"fontstyle0\" style=\"color: #cc0001;\">973392103<\/span><\/td>\n<td align=\"left\">Agramunt<\/td>\n<\/tr>\n<tr>\n<td align=\"left\"><strong><span class=\"fontstyle0\">Fundaci\u00f3 Sant Hospital<\/span><\/strong><\/td>\n<td align=\"left\"><span class=\"fontstyle0\">Passeig Joan Brudieu, 8, 25700<\/span><\/td>\n<td align=\"left\"><span class=\"fontstyle0\" style=\"color: #cc0001;\">973350050<\/span><\/td>\n<td align=\"left\">La seu d&#8217;Urgell<\/td>\n<\/tr>\n<tr>\n<td align=\"left\"><strong><span class=\"fontstyle0\">Centre M\u00e8dic Pla d&#8217;Urgell<\/span><\/strong><\/td>\n<td align=\"left\"><span class=\"fontstyle0\">Avinguda Canal, 11, 25230<\/span><\/td>\n<td align=\"left\"><span class=\"fontstyle0\" style=\"color: #cc0001;\">973602550<\/span><\/td>\n<td align=\"left\">Mollerusa<\/td>\n<\/tr>\n<tr>\n<td align=\"left\"><strong><span class=\"fontstyle0\">Centre Sanitari Solson\u00e8s<\/span><\/strong><\/td>\n<td align=\"left\"><span class=\"fontstyle0\">Pla\u00e7a Guitart, 1, 25280<\/span><\/td>\n<td align=\"left\"><span class=\"fontstyle0\" style=\"color: #cc0001;\">973481172<\/span><\/td>\n<td align=\"left\">Solsona<\/td>\n<\/tr>\n<tr>\n<td align=\"left\"><strong><span class=\"fontstyle0\">H. Comarcal del Pallars<\/span><\/strong><\/td>\n<td align=\"left\"><span class=\"fontstyle0\">Pau Claris, 5, 25620<\/span><\/td>\n<td align=\"left\"><span class=\"fontstyle0\" style=\"color: #cc0001;\">973652255<\/span><\/td>\n<td align=\"left\">Tremp<\/td>\n<\/tr>\n<\/tbody>\n<\/table>\n<\/div>\n<div class=\"fusion-text fusion-text-6\"><h4 style=\"text-align: center;\"><span class=\"fontstyle0\">Si vol visitar-se al centre de refer\u00e8ncia de la Rda. Sant Pere 19-21, entres\u00f2l (08010 de Barcelona) o que li donin una <\/span><strong><span class=\"fontstyle2\">segona opini\u00f3<\/span><\/strong><span class=\"fontstyle0\">, pot demanar <\/span><strong><span class=\"fontstyle2\">cita <\/span><span class=\"fontstyle3\">online <\/span><\/strong><span class=\"fontstyle0\">a trav\u00e9s de la p\u00e0gina web de la Mutualitat <a href=\"https:\/\/www.mcf.cat\/\">www.mcf.cat<\/a>, o al <strong>tel\u00e8fon <\/strong><\/span><strong><span class=\"fontstyle2\">933012132<\/span><\/strong><\/h4>\n<\/div><div class=\"fusion-clearfix\"><\/div><\/div><\/div><\/div><\/div><div class=\"fusion-fullwidth fullwidth-box fusion-builder-row-5 nonhundred-percent-fullwidth non-hundred-percent-height-scrolling\" style=\"background-color: rgba(255,255,255,0);background-position: center center;background-repeat: no-repeat;padding-top:0px;padding-right:0px;padding-bottom:0px;padding-left:0px;margin-bottom: 0px;margin-top: 0px;border-width: 0px 0px 0px 0px;border-color:#eae9e9;border-style:solid;\" ><div class=\"fusion-builder-row fusion-row\"><div class=\"fusion-layout-column fusion_builder_column fusion-builder-column-6 fusion_builder_column_1_1 1_1 fusion-one-full fusion-column-first fusion-column-last\" style=\"margin-top:0px;margin-bottom:20px;\"><div class=\"fusion-column-wrapper fusion-flex-column-wrapper-legacy\" style=\"background-position:left top;background-repeat:no-repeat;-webkit-background-size:cover;-moz-background-size:cover;-o-background-size:cover;background-size:cover;padding: 0px 0px 0px 0px;\"><div class=\"fusion-aligncenter\"><style type=\"text\/css\">.fusion-button.button-1 {border-radius:2px;}<\/style><a class=\"fusion-button button-flat fusion-button-default-size button-default button-1 fusion-button-default-span fusion-button-default-type\" target=\"_self\" href=\"https:\/\/cfsbalaguer.com\/index.php\/contact-us\/\"><i class=\"fa-envelope-open-text fas button-icon-left\" aria-hidden=\"true\"><\/i><span class=\"fusion-button-text\">Per a qualsevol dubte contacta amb nosaltres!<\/span><\/a><\/div><div class=\"fusion-clearfix\"><\/div><\/div><\/div><\/div><\/div>\n<\/p>\n","protected":false},"excerpt":{"rendered":"","protected":false},"author":1,"featured_media":0,"parent":0,"menu_order":0,"comment_status":"closed","ping_status":"closed","template":"100-width.php","meta":{"footnotes":""},"class_list":["post-1637","page","type-page","status-publish","hentry"],"_links":{"self":[{"href":"https:\/\/cfsbalaguer.com\/index.php\/wp-json\/wp\/v2\/pages\/1637","targetHints":{"allow":["GET"]}}],"collection":[{"href":"https:\/\/cfsbalaguer.com\/index.php\/wp-json\/wp\/v2\/pages"}],"about":[{"href":"https:\/\/cfsbalaguer.com\/index.php\/wp-json\/wp\/v2\/types\/page"}],"author":[{"embeddable":true,"href":"https:\/\/cfsbalaguer.com\/index.php\/wp-json\/wp\/v2\/users\/1"}],"replies":[{"embeddable":true,"href":"https:\/\/cfsbalaguer.com\/index.php\/wp-json\/wp\/v2\/comments?post=1637"}],"version-history":[{"count":29,"href":"https:\/\/cfsbalaguer.com\/index.php\/wp-json\/wp\/v2\/pages\/1637\/revisions"}],"predecessor-version":[{"id":1664,"href":"https:\/\/cfsbalaguer.com\/index.php\/wp-json\/wp\/v2\/pages\/1637\/revisions\/1664"}],"wp:attachment":[{"href":"https:\/\/cfsbalaguer.com\/index.php\/wp-json\/wp\/v2\/media?parent=1637"}],"curies":[{"name":"wp","href":"https:\/\/api.w.org\/{rel}","templated":true}]}}